{"id":292,"date":"2022-07-18T14:37:10","date_gmt":"2022-07-18T11:37:10","guid":{"rendered":"https:\/\/www.kursatcevik.com\/?page_id=292"},"modified":"2026-04-11T19:48:46","modified_gmt":"2026-04-11T16:48:46","slug":"publications","status":"publish","type":"page","link":"https:\/\/www.kursatcevik.com\/?page_id=292&lang=en","title":{"rendered":"Publications"},"content":{"rendered":"\n<figure class=\"wp-block-image size-full\"><a href=\"https:\/\/www.kursatcevik.com\/wp-content\/uploads\/2023\/12\/wordcloud.png\"><img loading=\"lazy\" decoding=\"async\" width=\"783\" height=\"213\" src=\"https:\/\/www.kursatcevik.com\/wp-content\/uploads\/2023\/12\/wordcloud.png\" alt=\"\" class=\"wp-image-380\" srcset=\"https:\/\/www.kursatcevik.com\/wp-content\/uploads\/2023\/12\/wordcloud.png 783w, https:\/\/www.kursatcevik.com\/wp-content\/uploads\/2023\/12\/wordcloud-300x82.png 300w, https:\/\/www.kursatcevik.com\/wp-content\/uploads\/2023\/12\/wordcloud-768x209.png 768w\" sizes=\"auto, (max-width: 783px) 100vw, 783px\" \/><\/a><\/figure>\n\n\n\n<p><strong><u>A. International Peer-Review Journal Papers<\/u><\/strong><\/p>\n\n\n\n<ul class=\"wp-block-list\">\n<li><strong>\u00c7EV\u0130K, K.K.,<\/strong> 2025, Assessing the impact of distance education contents on learning success using machine learning, COGENT EDUCATION, 12(2), 2602264. <a href=\"https:\/\/doi.org\/10.1080\/2331186X.2025.2602264\" target=\"_blank\" rel=\"noreferrer noopener\">Link<\/a><\/li>\n\n\n\n<li>KURU I., KUPELI H., <strong>\u00c7EV\u0130K, K.K., <\/strong>(2025), Designing a Common Platform for Testing Deep Learning Models, Bilecik Seyh Edebali University Journal of Science, 12(2), 693 &#8211; 709. <a href=\"https:\/\/doi.org\/10.35193\/bseufbd.1732011\" data-type=\"link\" data-id=\"https:\/\/doi.org\/10.35193\/bseufbd.1732011\" target=\"_blank\" rel=\"noreferrer noopener\">Link<\/a><\/li>\n\n\n\n<li>KUPELI, H., KURU, I., <strong>\u00c7EV\u0130K, K.K.,<\/strong> BOZKURT A.,  2025, Angiography-Based Detection of Coronary Artery Stenosis Using YOLO Algorithm, Traitement du Signal, 42(3), 1525-1539. <a href=\"https:\/\/doi.org\/10.18280\/ts.420325\" data-type=\"link\" data-id=\"https:\/\/doi.org\/10.18280\/ts.410617\" target=\"_blank\" rel=\"noreferrer noopener\">Link<\/a><\/li>\n\n\n\n<li><strong>\u00c7EV\u0130K, K.K.,<\/strong> CIVILIBAL S., BOZKURT A., DANDIL E., 2024, Enhanced Lesion Classification Based on YOLO Architectures Using Thermal Breast Images on a Patient by Patient Basis, Traitement du Signal, 41(6), 2989-2999. <a href=\"https:\/\/doi.org\/10.18280\/ts.410617\" data-type=\"link\" data-id=\"https:\/\/doi.org\/10.18280\/ts.410617\" target=\"_blank\" rel=\"noreferrer noopener\">Link<\/a><\/li>\n\n\n\n<li>DANDIL E., <strong>\u00c7EV\u0130K K.K.,<\/strong> BO\u011eA M., 2024, Automated Classification System Based on YOLO Architecture for Body Condition Score in Dairy Cows, Veterinary Sciences, 11(9), 399. <a href=\"https:\/\/doi.org\/10.3390\/vetsci11090399\" data-type=\"link\" data-id=\"https:\/\/doi.org\/10.3390\/vetsci11090399\" target=\"_blank\" rel=\"noreferrer noopener\">Link<\/a><\/li>\n\n\n\n<li>KORDEMIR M., <strong>\u00c7EV\u0130K, K.K., <\/strong>BOZKURT A., 2024, A Mask R-CNN approach for detection and classification of brain tumors from MR images, Computer Methods in Biomechanics and Biomedical Engineering: Imaging &amp; Visualization, 11(7), 3024-3034. <a href=\"https:\/\/doi.org\/10.1080\/21681163.2023.2301391\" target=\"_blank\" rel=\"noreferrer noopener\">Link<\/a><\/li>\n\n\n\n<li>CIVILIBAL S., <strong>\u00c7EV\u0130K, K.K., <\/strong>BOZKURT A., 2023, A deep learning approach for automatic detection, segmentation and classification of breast lesions from thermal images, Expert Systems with Applications, 212(2023), 118774. <a href=\"https:\/\/doi.org\/10.1016\/j.eswa.2022.118774\" target=\"_blank\" rel=\"noreferrer noopener\">Link<\/a><\/li>\n\n\n\n<li><strong>\u00c7EV\u0130K K.K.,<\/strong> KO\u00c7ER H.E., BO\u011eA M., 2022, Deep Learning Based Egg Fertility Detection, Veterinary Sciences, <em>9<\/em>(10), 574. <a href=\"https:\/\/doi.org\/10.3390\/vetsci9100574\" target=\"_blank\" rel=\"noreferrer noopener\">Link<\/a><\/li>\n\n\n\n<li><strong>\u00c7EVIK K.K., <\/strong>ANDA\u00c7 \u015e., 2022, Detection of Standard Plane From Ultrasound Scans by Deep Learning Methods for the Diagnosis Of Developmental Hip Dysplasia, Journal of Engineering Sciences and Design, 10(3), 1014-1026. <a href=\"https:\/\/doi.org\/10.21923\/jesd.1064904\" target=\"_blank\" rel=\"noreferrer noopener\">Link<\/a><\/li>\n\n\n\n<li>\u00d6NAL N., <strong>\u00c7EV\u0130K K.K.,&nbsp;<\/strong>\u015eENOL V.,2022, The Effect Of SOS Table Learning Environment On Mobile Learning Tools Acceptance, Motivation And Mobile Learning Attitude in English Language Learning, Interactive Learning Environments, 30(5), 834-847. <a href=\"\/\/doi.org\/10.1080\/10494820.2019.1690529\" target=\"_blank\" rel=\"noreferrer noopener\">Link<\/a><\/li>\n\n\n\n<li>DANDIL E., SELV\u0130 A.O., <strong>\u00c7EV\u0130K K.K.,<\/strong> YILDIRIM M.S., UZUN S., 2021, A Hybrid Method Based on Feature Fusion for Breast Cancer Classification using Histopathological Images. European Journal of Science and Technology, 29, 129-137. <a href=\"https:\/\/doi.org\/10.31590\/ejosat.1018309\" target=\"_blank\" rel=\"noreferrer noopener\">Link<\/a><\/li>\n\n\n\n<li><strong>\u00c7EVIK K.K.,<\/strong> 2020, Deep Learning Based Real-Time Body Condition Score Classification System. IEEE Access, 8: 213950-213957. <a href=\"https:\/\/doi.org\/10.1109\/ACCESS.2020.3040805\" target=\"_blank\" rel=\"noreferrer noopener\">Link<\/a><\/li>\n\n\n\n<li>ERCAN U., IRMAK S., <strong>\u00c7EV\u0130K K.K., <\/strong>CANBAZO\u011eLU E., 2020 \u201cEstimating Electricity Consumption Levels in Dwellings Using Artificial Neural Networks\u201d. Sosyoekonomi, 28(46), 173-186. <a href=\"https:\/\/doi.org\/10.17233\/sosyoekonomi.2020.04.09\" target=\"_blank\" rel=\"noreferrer noopener\">Link<\/a><\/li>\n\n\n\n<li>BO\u011eA M.,<strong> \u00c7EV\u0130K K.K.,&nbsp;<\/strong>\u00d6NDER H., 2020, Mobile application to obtain minimum cost feed mixes, Turkish Journal Of Veterinary And Animal Sciences, 44(2), 463-468. <a href=\"https:\/\/doi.org\/10.3906\/vet-1912-31\" target=\"_blank\" rel=\"noreferrer noopener\">Link<\/a><\/li>\n\n\n\n<li>BO\u011eA M., <strong>\u00c7EV\u0130K K.K.<\/strong>, BURGUT A., 2020, Classifying Milk Yield Using Deep Neural Network, Pakistan Journal Of Zoology, 52(4), 1319-1325. <a href=\"https:\/\/dx.doi.org\/10.17582\/journal.pjz\/20190527090506\" target=\"_blank\" rel=\"noreferrer noopener\">Link<\/a><\/li>\n\n\n\n<li><strong>\u00c7EV\u0130K K.K.<\/strong>, BO\u011eA M., 2019, Body Condition Score (BCS) Segmentation and Classification in Dairy Cows using R-CNN Deep Learning Architecture. European Journal of Science and Technology(17), 1248-1255. <a href=\"https:\/\/doi.org\/10.31590\/ejosat.658365\" target=\"_blank\" rel=\"noreferrer noopener\">Link<\/a><\/li>\n\n\n\n<li>BO\u011eA M., <strong>\u00c7EV\u0130K K.K.,<\/strong> KO\u00c7ER H.E., BURGUT A., 2019, Computer-Assisted Automatic Egg Fertility Control. Journal of Kafkas University Faculty of Veterinary Medicine, 25(4), 567-574. <a href=\"https:\/\/vetdergikafkas.org\/abstract.php?id=2493\" target=\"_blank\" rel=\"noreferrer noopener\">Link<\/a><\/li>\n\n\n\n<li><strong>\u00c7EV\u0130K K.K,<\/strong> KO\u00c7ER H.E., 2017, Computer Aided Control of Cutting Error in Textile Products. Tekstil ve Konfeksiyon, 27(3), 300-308. <a href=\"https:\/\/dergipark.org.tr\/tr\/pub\/tekstilvekonfeksiyon\/issue\/31290\/340950\" target=\"_blank\" rel=\"noreferrer noopener\">Link<\/a><\/li>\n\n\n\n<li><strong>\u00c7EV\u0130K K.K.,<\/strong> KO\u00c7ER H. E., 2016, Active Contour Based Developmental Hip Dysplasia Diagnosis with Graf Method. International Journal of Applied Mathematics, Electronics and Computers, 4, 230-235. <a href=\"https:\/\/dergipark.org.tr\/en\/pub\/ijamec\/issue\/25619\/270347\" target=\"_blank\" rel=\"noreferrer noopener\">Link<\/a><\/li>\n\n\n\n<li>KO\u00c7ER, H.E.,&nbsp;<strong>\u00c7EV\u0130K, K.K.,<\/strong>S\u0130VR\u0130, M., KOPLAY, M., 2016, Measuring the Effect of Filters on Segmentation of Developmental Dysplasia of the Hip. Iranian Journal of Radiology,&nbsp; 13(3), 1-9. <a href=\"https:\/\/doi.org\/10.5812%2Firanjradiol.25491\" target=\"_blank\" rel=\"noreferrer noopener\">Link<\/a><\/li>\n\n\n\n<li><strong>\u00c7EV\u0130K, K.K.,&nbsp;<\/strong>KO\u00c7ER, H.E., ANDA\u00c7, \u015e., 2016, Segmentation of the Ilium and Femur Regions from Ultrasound Images for Diagnosis of Developmental Dysplasia of the Hip. Journal of Medical Imaging and Health Informatics, 6(2), 449-457. <a href=\"https:\/\/doi.org\/10.1166\/jmihi.2016.1722\" target=\"_blank\" rel=\"noreferrer noopener\">Link<\/a><\/li>\n\n\n\n<li>KOCER, H.&nbsp;E.,&nbsp;<strong>CEVIK K.K.<\/strong>, 2011, &#8220;Artificial neural networks based vehicle license plate recognition&#8221;, Elsevier Procedia Computer Science, Vol.3, pp. 1033-1037. <a href=\"https:\/\/doi.org\/10.1016\/j.procs.2010.12.169\" target=\"_blank\" rel=\"noreferrer noopener\">Link<\/a><\/li>\n<\/ul>\n\n\n\n<p><strong><u>B. International Conference Proceedings Publications<\/u><\/strong><\/p>\n\n\n\n<ul class=\"wp-block-list\">\n<li>UNAL, Y.,&nbsp;KOCER, H.E.,&nbsp;<strong>CEVIK, K.K,<\/strong>KIVRAK, A.S., 2014, \u201cDiagnosis of Spinal Canal Region Diseases Using with Soft Computing Methods\u201d, 9th International Statistics Day Symposium, 10-14 May, Antalya\/&nbsp;TURKEY.<\/li>\n\n\n\n<li>BOGA, M.,&nbsp;<strong>CEVIK, K.K.,<\/strong>KUTLU, H.,R., ONDER, H., 2014, \u201cA mobile device based ration preparation software\u201d, 65th Annual Meeting of the European Federation of Animal Science,&nbsp;&nbsp;25-29 August,&nbsp;Copenhagen\/ DENMARK.<\/li>\n\n\n\n<li><strong>\u00c7EV\u0130K, K.K.,<\/strong>KO\u00c7ER, H.E., 2016, Developmental Hip Dysplasia segmentation of ultrasound images. 2016 24th Signal Processing and Communication Application Conference (SIU), pp. 109 \u2013 112, 16-19 May, Zonguldak, TURKEY.<\/li>\n\n\n\n<li><strong>\u00c7EV\u0130K K.K.,<\/strong>&nbsp;BERBER F.S., K\u00dc\u00c7\u00dcKS\u0130LLE E.U., 2018, \u201cMapping Location of a Suspect by Using Forensic images Taken with Their Own Mobile Phone\u201d, International Conference on Engineering Technologies (ICENTE\u201918), pp.93-96, 26-28 October Konya\/TURKEY.<\/li>\n\n\n\n<li>KAYAKU\u015e M.,&nbsp;<strong>\u00c7EV\u0130K K.K.,<\/strong>&nbsp;\u201cThe Estimation of Luminance Measurements in Road Lighting By Deep Learning Method\u201d, International Conference on Artificial Intelligence and Applied Mathematics in Engineering 2019 (ICAIAME 2019), ANTALYA, T\u00dcRKIYE, , pp.111-112, 20-22 April Antalya\/TURKEY.<\/li>\n\n\n\n<li>DANDIL E.,&nbsp;<strong>\u00c7EV\u0130K K.K.,<\/strong>&nbsp;2019, Computer Vision Based Distance Measurement System using Stereo Camera View. 2019 3rd International Symposium on Multidisciplinary Studies and Innovative Technologies (ISMSIT), pp. 936-940., 11-13 Oct. 2019, Ankara\/TURKEY, Doi: 10.1109\/ISMSIT.2019.8932817<\/li>\n\n\n\n<li><strong>\u00c7EV\u0130K K.K,<\/strong>&nbsp;BO\u011eA M., 2019, Classification of Body Condition Score (BCS) with Deep Learning. Conference on Innovations and Applications in Intelligent Systems (ASYU),&nbsp;pp.1-5, 31 Nov-02 Dec, \u0130zmir\/TURKEY.<\/li>\n\n\n\n<li><strong>\u00c7EV\u0130K K.K.,<\/strong>&nbsp;DANDIL E., 2019, Classification of Lung Nodules with Convolutional Neural Networks Using CT Images. 2nd International Turkish World Engineering and Science Congress, pp. 1-5, 7-10 Nov 2019, Antalya\/TURKEY.<\/li>\n\n\n\n<li><strong>\u00c7EVIK K.K.,<\/strong>&nbsp;KAYAKUS M., 2020, Estimating The Number of Visitors to E-Commerce Sites in Turkey During Covid-19 Using The Multiple Linear Regression Model. International Conference of Covid-19 (CONCOVID), 12-14 June 2020, Online Presentation.<\/li>\n\n\n\n<li>TAS\u0327 S.M.,&nbsp;<strong>\u00c7EVIK K.K.,<\/strong>(2020). Solving the Nurse Scheduling Problem Using Genetic Algorithm. International Scientific Researches Association Journal (IBAD), 259-266, 1-2 September 2020, Istanbul\/TURKEY.<\/li>\n\n\n\n<li>KO\u00c7ER H.E.,&nbsp;<strong>\u00c7EVIK K.K.,<\/strong>&nbsp;2020, Wrist Print Region Segmentation Based on Deep Neural Networks. International Conference on Engineering Technologies (ICENTE 2020), 19-21 November 2020, Konya\/TURKEY.<\/li>\n\n\n\n<li>DANDIL E., SELV\u0130 A.O.,&nbsp;<strong>\u00c7EV\u0130K K.K.,<\/strong>&nbsp;YILDIRIM M.S., UZUN S., 2021, A Hybrid Method Based on Feature Fusion for Breast Cancer Classification using Histopathological Images. 5th International Symposium on Multidisciplinary Studies and Innovative Technologies, 23-23, 21-23 October 2021, Ankara\/TURKEY.<\/li>\n\n\n\n<li><strong>\u00c7EV\u0130K K.K.,<\/strong>&nbsp;ANDA\u00c7 \u015e., 2021, Diagnosis of Developmental Hip Dysplasia By Detecting The Standard Plane From Real-Time Ultrasound Images Using Deep Learning Technique. International Conference on Artificial Intelligence and Applied Mathematics in Engineering (ICAIAME 2021) , 28-28, 1-3 October 2021, Antalya\/TURKEY.<\/li>\n\n\n\n<li><strong>\u00c7EV\u0130K K.K.,<\/strong>&nbsp;KO\u00c7ER H.E., BO\u011eA M., TA\u015e S.M., 2021, Mask R-CNN Approach for Egg Segmentation and Fertility Egg Classification. International Conference on Artificial Intelligence and Applied Mathematics in Engineering (ICAIAME 2021), 98-98, 1-3 October 2021, Antalya\/TURKEY.<\/li>\n<\/ul>\n\n\n\n<p><strong><u>C. International Books and Book Chapters<\/u><\/strong><\/p>\n\n\n\n<ul class=\"wp-block-list\">\n<li>&nbsp;&nbsp;&nbsp;&nbsp;&nbsp;&nbsp;&nbsp;&nbsp; Artificial Intelligence and Applied Mathematics in Engineering Problems, Chapter name:(Estimating Luminance Measurements in Road Lighting by Deep Learning Method) (2019)., KAYAKU\u015e M.,&nbsp;<strong>\u00c7EV\u0130K K. K.,<\/strong>&nbsp;Springer Nature Publishing Group, Editor. Jude Hemanth, Utku Kose, Pub Number:1, Page Number: 8, ISBN:978-3-030-36177-8.<\/li>\n\n\n\n<li>Handbook of Research on Disease Prediction Through Data Analytics and Machine Learning, Chapter name:(Heuristic Approach Performances for Artificial Neural Networks Training) (2021).,&nbsp;<strong>\u00c7EVIK K.K.,<\/strong>&nbsp;IGI Global Publications, Editor: Geeta Rani, Pradeep Kumar Tiwari, Pub Number:1, ISBN:978-1-799-82742-9<\/li>\n\n\n\n<li>Artificial Intelligence for Data-Driven Medical Diagnosis, Chapter name:(Detection of Breast Cancer Using Deep Neural Networks with Transfer Learning on Histopathological Images) (2021).,&nbsp;<strong>\u00c7EVIK K.K.,<\/strong>&nbsp;DANDIL E.,UZUN S., YILDIRIM M. S., SELVI A. O., Walter de Gruyter GmbH, Editor: Deepak Gupta, Utku Kose, Bao Le Nguyen, Siddhartha Bhattacharyya, Pub Number:1, ISBN:9783110668322<\/li>\n\n\n\n<li><strong>\u00c7EV\u0130K, K.K.,<\/strong> KO\u00c7ER, H.E., BO\u011eA, M., TA\u015e, S.M., (2023)., Mask R-CNN Approach for Egg Segmentation and Egg Fertility Classification. In: Smart Applications with Advanced Machine Learning and Human-Centred Problem Design. ICAIAME 2021. Engineering Cyber-Physical Systems and Critical Infrastructures, vol 1. Springer, Cham. https:\/\/doi.org\/10.1007\/978-3-031-09753-9_36<\/li>\n<\/ul>\n\n\n\n<p><strong><u>D. National Peer-Review Journal Papers<\/u><\/strong><\/p>\n\n\n\n<ul class=\"wp-block-list\">\n<li><strong>\u00c7EV\u0130K, K.K.,<\/strong>\u00c7AKIR, A., 2011, \u201cRecognizing Vehicle Plates with Image Processing Methods and Realizing Door Control\u201d, AK\u00dc Journal of Science, Vol 10, No 1., pp 31-38.<\/li>\n\n\n\n<li><strong>\u00c7EV\u0130K, K.K<\/strong>., DANDIL, E., 2012, \u201cDevelopment of a Visual Educational Software on .Net Platform for Artificial Neural Networks\u201d, Gazi University Journal of Information Technologies, Vol 5., No 1., pp 19-28.<\/li>\n\n\n\n<li><strong>\u00c7EV\u0130K, K.K.,&nbsp;<\/strong>KO\u00c7ER, H.E., 2012, \u201cMobile Device Based Foreign Language Vocabulary Learning Application\u201d, Sel\u00e7uk University Technical-Online Magazine, Vol 11., No 2., pp 60-70.<\/li>\n\n\n\n<li><strong>\u00c7EV\u0130K, K.K.,<\/strong>KO\u00c7ER, H.E., 2013, \u201cA Flexible Computing Application Based on Artificial Neural Networks Trained with Particle Swarm Optimization\u201d, S\u00fcleyman Demirel University Journal of Institute of Science and Technology, Vol 17., No 2., pp 39-45.<\/li>\n\n\n\n<li><strong>\u00c7EV\u0130K K.K.,<\/strong>&nbsp;\u00d6NAL N., \u015eENOL V., 2018, A Mobile Application Design for Teaching English within the Context of \u201cTenses\u201d SOS Table. Online Academic Journal of Information Technology, 9(32), 74-86.<\/li>\n\n\n\n<li>DANDIL E., TURKAN M., BO\u011eA M.,&nbsp;<strong>\u00c7EV\u0130K K.K.,<\/strong>&nbsp;2019, Recognition of Cattle Faces with Faster Regional Convolutional Neural Networks. Bilecik \u015eeyh Edebali University Journal of Science, 6, 177-189.<\/li>\n\n\n\n<li>KAYAKUS M.,&nbsp;<strong>\u00c7EVIK K.K,<\/strong>&nbsp;2020, Estimation the Number of Visitor of E-Commerce Website by Artificial Neural Networks During Covid19 in Turkey. Turkish Studies, 15(4), 615-631., Doi: 10.7827\/TurkishStudies.44299<\/li>\n\n\n\n<li><strong>\u00c7EVIK K.K.,<\/strong>&nbsp;KAYAKUS M., 2020, Estimation of the Response Time of Users in the Information Technologies Department with Machine Learning. Journal of Engineering Sciences and Design, 8(3), 728-739., Doi: 10.21923\/jesd.722323<\/li>\n\n\n\n<li>KO\u00c7ER H.E.,&nbsp;<strong>\u00c7EVIK K.K.,<\/strong>&nbsp;2021, Deep neural networks based wrist print region segmentation and classification. MANAS Journal of Engineering, 9(1), 30-36. Doi: 10.51354\/mjen.853971<\/li>\n\n\n\n<li>KURU I., KUPELI H., <strong>\u00c7EV\u0130K, K.K., <\/strong>(2025), Learnmate: A Gamified Approach in Cognitive Skill Measurement and Development, Journal of the Faculty of Applied Sciences, 7(1-2), 1 &#8211; 13.<\/li>\n<\/ul>\n\n\n\n<p><strong><u>E. National Conference Proceedings Publications<\/u><\/strong><\/p>\n\n\n\n<ul class=\"wp-block-list\">\n<li>BO\u011eA, M., <strong>\u00c7EV\u0130K, K.K.,<\/strong> 2012, &#8220;Combined Feed Preparation Program for Ruminant Animals&#8221;, Academic Informatics 2012 \u2013 U\u015fak University, Page 249-256.<\/li>\n\n\n\n<li>BO\u011eA, M., <strong>\u00c7EV\u0130K, K.K.,<\/strong> 2013 \u201dMilk Drinking Program for Farm Animals\u201d, Academic Informatics 2013, 23-25 January 2013, Antalya\/TURKEY.<\/li>\n\n\n\n<li><strong>\u00c7EV\u0130K, K.K.,<\/strong> BO\u011eA, M., 2013 \u201dWeb Based Feed Mix Preparation Program\u201d, Central Anatolia Region 1st Agriculture and Food Congress, 02-04 October 2013, Ni\u011fde\/TURKEY.<\/li>\n<\/ul>\n\n\n\n<figure class=\"wp-block-image size-large\"><a href=\"https:\/\/www.kursatcevik.com\/wp-content\/uploads\/2025\/12\/visualization.png\"><img loading=\"lazy\" decoding=\"async\" width=\"1024\" height=\"502\" src=\"https:\/\/www.kursatcevik.com\/wp-content\/uploads\/2025\/12\/visualization-1024x502.png\" alt=\"\" class=\"wp-image-490\" srcset=\"https:\/\/www.kursatcevik.com\/wp-content\/uploads\/2025\/12\/visualization-1024x502.png 1024w, https:\/\/www.kursatcevik.com\/wp-content\/uploads\/2025\/12\/visualization-300x147.png 300w, https:\/\/www.kursatcevik.com\/wp-content\/uploads\/2025\/12\/visualization-768x376.png 768w, https:\/\/www.kursatcevik.com\/wp-content\/uploads\/2025\/12\/visualization-1536x752.png 1536w, https:\/\/www.kursatcevik.com\/wp-content\/uploads\/2025\/12\/visualization.png 1960w\" sizes=\"auto, (max-width: 1024px) 100vw, 1024px\" \/><\/a><\/figure>\n\n\n\n<p><\/p>\n","protected":false},"excerpt":{"rendered":"<p>A. International Peer-Review Journal Papers B. International Conference Proceedings Publications C. International Books and Book Chapters D. National Peer-Review Journal Papers E. National Conference Proceedings Publications<\/p>\n","protected":false},"author":1,"featured_media":0,"parent":0,"menu_order":0,"comment_status":"closed","ping_status":"closed","template":"","meta":{"footnotes":""},"class_list":["post-292","page","type-page","status-publish","hentry"],"_links":{"self":[{"href":"https:\/\/www.kursatcevik.com\/index.php?rest_route=\/wp\/v2\/pages\/292","targetHints":{"allow":["GET"]}}],"collection":[{"href":"https:\/\/www.kursatcevik.com\/index.php?rest_route=\/wp\/v2\/pages"}],"about":[{"href":"https:\/\/www.kursatcevik.com\/index.php?rest_route=\/wp\/v2\/types\/page"}],"author":[{"embeddable":true,"href":"https:\/\/www.kursatcevik.com\/index.php?rest_route=\/wp\/v2\/users\/1"}],"replies":[{"embeddable":true,"href":"https:\/\/www.kursatcevik.com\/index.php?rest_route=%2Fwp%2Fv2%2Fcomments&post=292"}],"version-history":[{"count":54,"href":"https:\/\/www.kursatcevik.com\/index.php?rest_route=\/wp\/v2\/pages\/292\/revisions"}],"predecessor-version":[{"id":540,"href":"https:\/\/www.kursatcevik.com\/index.php?rest_route=\/wp\/v2\/pages\/292\/revisions\/540"}],"wp:attachment":[{"href":"https:\/\/www.kursatcevik.com\/index.php?rest_route=%2Fwp%2Fv2%2Fmedia&parent=292"}],"curies":[{"name":"wp","href":"https:\/\/api.w.org\/{rel}","templated":true}]}}