{"id":283,"date":"2022-07-18T14:22:25","date_gmt":"2022-07-18T11:22:25","guid":{"rendered":"https:\/\/www.kursatcevik.com\/?page_id=283"},"modified":"2025-12-28T14:50:28","modified_gmt":"2025-12-28T11:50:28","slug":"cv","status":"publish","type":"page","link":"https:\/\/www.kursatcevik.com\/?page_id=283&lang=en","title":{"rendered":"CV"},"content":{"rendered":"\n<p><a href=\"https:\/\/www.kursatcevik.com\/wp-content\/uploads\/2022\/11\/Profil_.jpg\"><img loading=\"lazy\" decoding=\"async\" class=\"alignnone wp-image-341  aligncenter\" src=\"https:\/\/www.kursatcevik.com\/wp-content\/uploads\/2025\/11\/IMG_8833.jpg\" alt=\"\" width=\"440\" height=\"660\"><\/a><\/p>\n\n\n\n<p class=\"has-text-align-center\"><strong>SHORT BIOGRAPHY<\/strong><\/p>\n\n\n\n<p style=\"text-align: justify;\">Dr. Kerim K\u00fcr\u015fat \u00c7EV\u0130K was born in Karaman (Turkey) in 1985. He attended to S\u00fcleyman Demirel University (Isparta, Turkey) and obtained his B.S. in Electronics and Computer Sciences in 2007. He graduated from Sel\u00e7uk University (Konya, Turkey) with M.S. in 2010 and Ph.D. in 2016 in Computer Engineering. During his graduate studies, he worked as a lecturer in Computer Programming Program in Nigde University where he became assistant professor in 2017. in 2018, he joined the Department of Management Information Systems in Akdeniz University (Antalya, Turkey) as an Associate Professor. He currently teaches undergraduate and graduate courses in artificial intelligence, image processing, biomedical, machine learning, computer-aided detection, medical informatics, data mining, mobile programming and computer vision. His current research interests are in applications of deep learning in biomedical, management and agricultural sciences. Dr. \u00c7evik has authored papers in international journals, delivered talks in scientific conferences, authored book chapters.\nAssociate Professor and AI Researcher with over 15 years of experience in Computer Vision and Deep Learning. Recently completed a Visiting Researcher tenure at University of Nevada, Las Vegas (UNLV) aimed at developing real-time automated tissue perfusion tracking systems. Author of numerous peer-reviewed publications with 600+ citations and an h-index of 13. Extensive experience as a peer reviewer for top-tier journals. Research focuses on advanced hybrid models (Swin Transformers, U-Net) applied to biomedical imaging and critical healthcare technologies.<\/p>\n\n\n\n<p><strong>CURR\u0130CULUM VITAE<\/strong><\/p>\n\n\n\n<p><strong>1. PERSONAL INFORMATION<\/strong><\/p>\n\n\n\n<p><strong>Place and Date of Birth<\/strong>:&nbsp; Karaman (Turkey), 21 January 1985<\/p>\n\n\n\n<p><strong>Foreign Languages<\/strong>: English (KPDS score: 70-2016, YOKDIL Score: 78.25-2017)<\/p>\n\n\n\n<p><strong>Marital Status<\/strong>: Married with 2 children<\/p>\n\n\n\n<p><strong>Address<\/strong>: Akdeniz University, Faculty of Applied Sciences, Department of Management Information Systems, 07058 Konyaalti, Antalya, Turkey<\/p>\n\n\n\n<p><strong>Email: <\/strong>kcevik@akdeniz.edu.tr<\/p>\n\n\n\n<p><strong>Web: <\/strong><a href=\"https:\/\/www.kursatcevik.com\/\">https:\/\/www.kursatcevik.com\/<\/a> <a href=\"http:\/\/aves.akdeniz.edu.tr\/kcevik\/\">http:\/\/aves.akdeniz.edu.tr\/kcevik\/<\/a><\/p>\n\n\n\n<p><strong>Tel:<\/strong> +90-242-310 6963<\/p>\n\n\n\n<p><strong>Fax:<\/strong> +90-242-310 3565<\/p>\n\n\n\n<p><strong>Cell:<\/strong> +90-536-837 9550<\/p>\n\n\n\n<p><strong>ORCID:<\/strong> <a href=\"https:\/\/orcid.org\/0000-0002-2921-506X\" data-type=\"URL\" data-id=\"https:\/\/orcid.org\/0000-0002-2921-506X\" target=\"_blank\" rel=\"noreferrer noopener\">0000-0002-2921-506X<\/a><\/p>\n\n\n\n<p><strong>Researcher ID:<\/strong> <a href=\"https:\/\/publons.com\/researcher\/J-1702-2018\" data-type=\"URL\" data-id=\"https:\/\/publons.com\/researcher\/J-1702-2018\" target=\"_blank\" rel=\"noreferrer noopener\">J-1702-2018<\/a><\/p>\n\n\n\n<p><strong>Scopus Author ID:<\/strong> <a href=\"https:\/\/www.scopus.com\/authid\/detail.uri?authorId=56816848700\" data-type=\"URL\" data-id=\"https:\/\/www.scopus.com\/authid\/detail.uri?authorId=56816848700\" target=\"_blank\" rel=\"noreferrer noopener\">56816848700<\/a><\/p>\n\n\n\n<p><strong>Google Scholar ID: <\/strong><a href=\"https:\/\/scholar.google.com.tr\/citations?user=xcrOpwAAAAJ\" data-type=\"URL\" data-id=\"https:\/\/scholar.google.com.tr\/citations?user=xcrOpwAAAAJ\" target=\"_blank\" rel=\"noreferrer noopener\">xcrOpwAAAAJ<\/a><\/p>\n\n\n\n<p><strong>2. EDUCATION AND ACADEMIC TITLES<\/strong><\/p>\n\n\n\n<ul class=\"wp-block-list\">\n<li><em><u>B.S.<\/u><\/em>: Electronics and Computer Sciences, S\u00fcleyman Demirel University (Isparta, Turkey), 2007.<\/li>\n\n\n\n<li><em><u>B.S.<\/u><\/em>: Computer Engineering, Necmettin Erbakan University (Konya, Turkey), 2018.<\/li>\n\n\n\n<li><em><u>M.S.<\/u><\/em>: Computer Engineering, Sel\u00e7uk University (Konya, Turkey), 2010. <em>Thesis Title<\/em>: Vehicle License Plate Recognition System With Artificial Intelligence Methods. <em>Thesis Advisor<\/em>: Associate Professor Hasan Erdin\u00e7 KO\u00c7ER.<\/li>\n\n\n\n<li><em><u>Ph.D.<\/u><\/em>: Computer Engineering, Sel\u00e7uk University (Konya, Turkey), 2016. <em>Thesis Title<\/em>: Diagnosis Of Developmental Hip Dysplasia With Image Processing. <em>Thesis Advisor<\/em>: Associate Professor Hasan Erdin\u00e7 KO\u00c7ER.<\/li>\n\n\n\n<li><em><u>Associate Professorship<\/u><\/em>: Management Information Systems, Interuniversity Council (Ankara, Turkey), 10.03.2021.<\/li>\n<\/ul>\n\n\n\n<p><strong>3. ACADEMIC AND ADMINISTRATIVE POSITIONS<\/strong><\/p>\n\n\n\n<p><strong>Academic Positions<\/strong><\/p>\n\n\n\n<ul class=\"wp-block-list\">\n<li><em><u>Lecturer<\/u><\/em>: Ni\u011fde Uni., Bor Vocational High School, Dept. of Computer Programming, (Ni\u011fde, Bor, Turkey), 16.11.2009-22.02.2017.<\/li>\n\n\n\n<li><em><u>Assistant Professor<\/u><\/em>: Ni\u011fde Uni., Bor Vocational High School, Dept. of Computer Programming, (Ni\u011fde, Bor, Turkey), 22.02.2017-03.04.2018<\/li>\n\n\n\n<li><em><u>Assistant Professor<\/u><\/em>: Faculty of Applied Sciences, Department of Management Information Systems, (Antalya, Turkey), 04.04.2018-10.03.2021<\/li>\n\n\n\n<li><em><u>Associate Professor<\/u><\/em>: Faculty of Applied Sciences, Department of Management Information Systems, (Antalya, Turkey), 10.03.2021- \u2026<\/li>\n\n\n\n<li><em><u>Visiting Scholar (Assoc. Prof.)<\/u><\/em>: University of Nevada, Las Vegas, Howard R. Hughes College of Engineering, Department of Electrical and Computer Engineering, (Las Vegas, Nevada, U.S.A.), 05.07.2024- 05.07.2025<\/li>\n<\/ul>\n\n\n\n<p><strong>Administrative Duties and Panel Memberships<\/strong><\/p>\n\n\n\n<ul class=\"wp-block-list\">\n<li><em><u>Chairman<\/u><\/em>: Ni\u011fde Uni., Dept. of Computer Programming, 22.03.2017-03.04.2018.<\/li>\n\n\n\n<li><em><u>Assistant Chairman<\/u><\/em>: Akdeniz Uni., Department of Management Information Systems, 20.07.2020-\u2026<\/li>\n\n\n\n<li><em><u>Chairman<\/u><\/em>: Akdeniz Uni., Department of Management Information Systems, Division of IT Management, 20.07.2020-\u2026<\/li>\n\n\n\n<li><em><u>Member-Elect<\/u><\/em>: Faculty of Applied Sciences (Akdeniz Uni.), Representative of Associate Professors, 03.10.2021-\u2026.<\/li>\n\n\n\n<li><em><u>Member<\/u><\/em>: Akdeniz Uni., Quality Board, 2021-\u2026<\/li>\n\n\n\n<li><em><u>Member<\/u><\/em>: Akdeniz Uni., Distance Education Application And Research Center Board, 2022-&#8230;.<\/li>\n<\/ul>\n\n\n\n<p><strong>4. THESES SUPERVISED<\/strong><\/p>\n\n\n\n<p><strong>Master\u2019s Level<\/strong><\/p>\n\n\n\n<ul class=\"wp-block-list\">\n<li><em><u>T. SARI<\/u><\/em>: &#8221; Predicting NBA Player Value Pre-Indicators Using Machine Learning Methods&#8221; Akdeniz Uni., Institute of Social Sciences, Division of Management Information Systems, 19.09.2023.<\/li>\n\n\n\n<li><em><u>M. K\u00d6RDEM\u0130R<\/u><\/em>: &#8220;Determination and classification of brain tumors on MR images by deep learning method,&#8221; Akdeniz University, Graduate School of Natural and Applied Sciences, Div. of Biomedical Engineering, Co-Advisor, 05.07.2021.<\/li>\n\n\n\n<li><em><u>H. KUPELI<\/u><\/em>: &#8221; Identifying Cognitive and Emotional Problems Experienced by Gifted Students Using Machine Learning Methods,&#8221; Akdeniz Uni., Institute of Social Sciences, Division of Management Information Systems, 2025.<\/li>\n\n\n\n<li><em><u>S. M. TA\u015e<\/u><\/em>: &#8220;Evaluation of the Effect of Distance Education Contents on Learning Achievement with Machine Learning,&#8221; Akdeniz Uni., Institute of Social Sciences, Division of Management Information Systems, in progress.<\/li>\n<\/ul>\n\n\n\n<p><strong>5. PROJECT DUTIES<\/strong><\/p>\n\n\n\n<p><strong>As Principal Investigator<\/strong><\/p>\n\n\n\n<ul class=\"wp-block-list\">\n<li>\u201cDoor Control Based on License Plates,\u201d TUBITAK, University Students Domestic\/Overseas Research Projects Support Program, Project No: 1919B010600023, 2007.<\/li>\n\n\n\n<li>\u201cDevelopment of Textile Products Quality Control System,\u201d Ministry of Science, Technology and Industry, Techno-enterprise Capital Support Program, Project No: 0273.TGSD.2014, 2015.<\/li>\n\n\n\n<li>\u201cComputer Aided Egg Fertility Control System,\u201d Akdeniz Uni., Scientific Research Projects Committee, Project No: FBA-2019-4898, 2021.<\/li>\n<\/ul>\n\n\n\n<p><strong>As Researcher<\/strong><\/p>\n\n\n\n<ul class=\"wp-block-list\">\n<li>\u201cTeaching English in the Context of Tenses: Developing a Mobile Game and Testing Its Effectiveness,\u201d Ni\u011fde Uni., Scientific Research Projects Committee, Project No: EBT 2018\/02-HIDEP, 2019.<\/li>\n\n\n\n<li>\u201cBreast Cancer Recognition and Classification System with Deep Neural Networks in Histopathological Images,\u201d Bilecik \u015eeyh Edebali Uni., Scientific Research Projects Committee, Project No: 2019-01.B\u015eE\u00dc 25-02, 2021.<\/li>\n\n\n\n<li>\u201cDetection and Classification of Brain Tumors by Deep Learning Method on MR Images,\u201d Akdeniz Uni., Scientific Research Projects Committee, Project No: FYL-2020-5310, 2021.<\/li>\n<\/ul>\n\n\n\n<p><strong>6. AWARDS AND HONORS<\/strong><\/p>\n\n\n\n<ul class=\"wp-block-list\">\n<li>TUBITAK 2219 International Postdoctoral Research Fellowship (2024): Awarded for research at UNLV, USA.<\/li>\n\n\n\n<li><em><u>Best Paper Award: <\/u><\/em>International Conference on Advanced Technology &amp; Sciences (ICAT 2016), SEL\u00c7UK UNIVERSITY, 2016<\/li>\n\n\n\n<li><em><u>Competition First Place:<\/u><\/em> Bilkent University Sentim Software Quest 2007, \u0130HSAN DO\u011eRAMACI BILKENT UNIVERSITY, 2007<\/li>\n<\/ul>\n\n\n\n<p><strong>7. CITATIONS<\/strong><\/p>\n\n\n\n<ul class=\"wp-block-list\">\n<li>As of 01.01.2026, there are over 675 citations to his publications.<\/li>\n\n\n\n<li>H-index: 13<\/li>\n\n\n\n<li>H10-index: 15<\/li>\n<\/ul>\n\n\n\n<p><strong>8. COURSES TAUGHT AT UNDERGRADUATE AND GRADUATE LEVELS<\/strong><\/p>\n\n\n\n<p><strong>Undergraduate Courses<\/strong><\/p>\n\n\n\n<ul class=\"wp-block-list\">\n<li>Web Design<\/li>\n\n\n\n<li>Data Structures<\/li>\n\n\n\n<li>Introduction to Database<\/li>\n\n\n\n<li>Database Management Systems<\/li>\n\n\n\n<li>Deep Learning<\/li>\n\n\n\n<li>Mobile Application Development<\/li>\n\n\n\n<li>Computer Hardware and Operating Systems<\/li>\n\n\n\n<li>Use of Information Technologies<\/li>\n\n\n\n<li>Object-Oriented Programming<\/li>\n\n\n\n<li>Computer Networks and Communication<\/li>\n\n\n\n<li>Algorithm and Programming<\/li>\n\n\n\n<li>Computer I-II<\/li>\n\n\n\n<li>Basics of Information Technology Use<\/li>\n\n\n\n<li>Basic of Computer Science<\/li>\n<\/ul>\n\n\n\n<p><strong>Graduate Courses<\/strong><\/p>\n\n\n\n<ul class=\"wp-block-list\">\n<li>Enterprise Database Management<\/li>\n\n\n\n<li>Image Processing and Pattern Recognition<\/li>\n\n\n\n<li>Biomedical Image Processing<\/li>\n\n\n\n<li>Evolutionary and Heuristic Algorithms<\/li>\n\n\n\n<li>Nature Inspired Algorithms<\/li>\n<\/ul>\n\n\n\n<p><strong>9. FIELD OF EXPERTISE<\/strong><\/p>\n\n\n\n<ul class=\"wp-block-list\">\n<li>Artificial Intelligence<\/li>\n\n\n\n<li>Heuristic Algorithms<\/li>\n\n\n\n<li>Image Processing<\/li>\n\n\n\n<li>Deep Learning<\/li>\n<\/ul>\n\n\n\n<p><strong>10. COMPUTER SKILLS<\/strong><\/p>\n\n\n\n<ul class=\"wp-block-list\">\n<li>Experience in Windows, Linux and Macintosh systems administration<\/li>\n\n\n\n<li>Design and maintenance of web pages<\/li>\n\n\n\n<li>Programming in Visual Studio, Android Studio, Anaconda and Matlab<\/li>\n\n\n\n<li>Familiar with C#,Ptyhon, C++, Java, Kotlin, PHP, ASPX and MySQL<\/li>\n<\/ul>\n\n\n\n<p>T\u00dcB\u0130TAK 2219 International Postdoctoral Research Fellowship \u2013 Principal Investigator &#8216;Real-Time Automated Tissue Perfusion Monitoring with Multimodal Sensing&#8217; University of Nevada, Las Vegas (07\/2024 \u2013 08\/2025)<\/p>\n","protected":false},"excerpt":{"rendered":"<p>SHORT BIOGRAPHY Dr. Kerim K\u00fcr\u015fat \u00c7EV\u0130K was born in Karaman (Turkey) in 1985. He attended to S\u00fcleyman Demirel University (Isparta, Turkey) and obtained his B.S. in Electronics and Computer Sciences in 2007. He graduated from Sel\u00e7uk University (Konya, Turkey) with &hellip; <a href=\"https:\/\/www.kursatcevik.com\/?page_id=283&#038;lang=en\">Okumaya devam et <span class=\"meta-nav\">&rarr;<\/span><\/a><\/p>\n","protected":false},"author":1,"featured_media":0,"parent":0,"menu_order":0,"comment_status":"closed","ping_status":"closed","template":"","meta":{"footnotes":""},"class_list":["post-283","page","type-page","status-publish","hentry"],"_links":{"self":[{"href":"https:\/\/www.kursatcevik.com\/index.php?rest_route=\/wp\/v2\/pages\/283","targetHints":{"allow":["GET"]}}],"collection":[{"href":"https:\/\/www.kursatcevik.com\/index.php?rest_route=\/wp\/v2\/pages"}],"about":[{"href":"https:\/\/www.kursatcevik.com\/index.php?rest_route=\/wp\/v2\/types\/page"}],"author":[{"embeddable":true,"href":"https:\/\/www.kursatcevik.com\/index.php?rest_route=\/wp\/v2\/users\/1"}],"replies":[{"embeddable":true,"href":"https:\/\/www.kursatcevik.com\/index.php?rest_route=%2Fwp%2Fv2%2Fcomments&post=283"}],"version-history":[{"count":21,"href":"https:\/\/www.kursatcevik.com\/index.php?rest_route=\/wp\/v2\/pages\/283\/revisions"}],"predecessor-version":[{"id":508,"href":"https:\/\/www.kursatcevik.com\/index.php?rest_route=\/wp\/v2\/pages\/283\/revisions\/508"}],"wp:attachment":[{"href":"https:\/\/www.kursatcevik.com\/index.php?rest_route=%2Fwp%2Fv2%2Fmedia&parent=283"}],"curies":[{"name":"wp","href":"https:\/\/api.w.org\/{rel}","templated":true}]}}