{"id":103,"date":"2017-01-27T12:17:01","date_gmt":"2017-01-27T10:17:01","guid":{"rendered":"https:\/\/www.kursatcevik.com\/?page_id=103"},"modified":"2024-02-05T08:42:17","modified_gmt":"2024-02-05T05:42:17","slug":"iletisim","status":"publish","type":"page","link":"https:\/\/www.kursatcevik.com\/?page_id=103","title":{"rendered":"\u0130leti\u015fim"},"content":{"rendered":"<p>Dr. Kerim K\u00fcr\u015fat \u00c7EV\u0130K<br \/><b>E-mail: <\/b>kcevik@akdeniz.edu.tr<br \/><b>Web: <\/b><a href=\"https:\/\/www.kursatcevik.com\">www.kursatcevik.com<\/a><br \/><strong>Tel:<\/strong> 0242 227 4400\/3570<br \/><b>Adres:<\/b>\u00a0Akdeniz \u00dcniversitesi Uygulamal\u0131 Bilimler Fak\u00fcltesi<br \/>Y\u00f6netim Bili\u015fim Sistemleri B\u00f6l\u00fcm\u00fc KONYAALTI\/ANTALYA<\/p>\n\n<div class=\"wp-block-image\">\n<figure class=\"alignleft size-full is-resized\"><a href=\"https:\/\/www.kursatcevik.com\/wp-content\/uploads\/2022\/01\/Kartvizit.jpg\"><img loading=\"lazy\" decoding=\"async\" width=\"701\" height=\"697\" src=\"https:\/\/www.kursatcevik.com\/wp-content\/uploads\/2022\/01\/Kartvizit.jpg\" alt=\"\" class=\"wp-image-230\" style=\"width:351px;height:349px\" srcset=\"https:\/\/www.kursatcevik.com\/wp-content\/uploads\/2022\/01\/Kartvizit.jpg 701w, https:\/\/www.kursatcevik.com\/wp-content\/uploads\/2022\/01\/Kartvizit-300x298.jpg 300w, https:\/\/www.kursatcevik.com\/wp-content\/uploads\/2022\/01\/Kartvizit-150x150.jpg 150w\" sizes=\"auto, (max-width: 701px) 100vw, 701px\" \/><\/a><figcaption class=\"wp-element-caption\">Kartviziti telefonunuza eklemek i\u00e7in kamera ile okutunuz.<\/figcaption><\/figure>\n<\/div>","protected":false},"excerpt":{"rendered":"<p>Dr. Kerim K\u00fcr\u015fat \u00c7EV\u0130KE-mail: kcevik@akdeniz.edu.trWeb: www.kursatcevik.comTel: 0242 227 4400\/3570Adres:\u00a0Akdeniz \u00dcniversitesi Uygulamal\u0131 Bilimler Fak\u00fcltesiY\u00f6netim Bili\u015fim Sistemleri B\u00f6l\u00fcm\u00fc KONYAALTI\/ANTALYA<\/p>\n","protected":false},"author":1,"featured_media":0,"parent":0,"menu_order":0,"comment_status":"closed","ping_status":"closed","template":"","meta":{"footnotes":""},"class_list":["post-103","page","type-page","status-publish","hentry"],"_links":{"self":[{"href":"https:\/\/www.kursatcevik.com\/index.php?rest_route=\/wp\/v2\/pages\/103","targetHints":{"allow":["GET"]}}],"collection":[{"href":"https:\/\/www.kursatcevik.com\/index.php?rest_route=\/wp\/v2\/pages"}],"about":[{"href":"https:\/\/www.kursatcevik.com\/index.php?rest_route=\/wp\/v2\/types\/page"}],"author":[{"embeddable":true,"href":"https:\/\/www.kursatcevik.com\/index.php?rest_route=\/wp\/v2\/users\/1"}],"replies":[{"embeddable":true,"href":"https:\/\/www.kursatcevik.com\/index.php?rest_route=%2Fwp%2Fv2%2Fcomments&post=103"}],"version-history":[{"count":11,"href":"https:\/\/www.kursatcevik.com\/index.php?rest_route=\/wp\/v2\/pages\/103\/revisions"}],"predecessor-version":[{"id":409,"href":"https:\/\/www.kursatcevik.com\/index.php?rest_route=\/wp\/v2\/pages\/103\/revisions\/409"}],"wp:attachment":[{"href":"https:\/\/www.kursatcevik.com\/index.php?rest_route=%2Fwp%2Fv2%2Fmedia&parent=103"}],"curies":[{"name":"wp","href":"https:\/\/api.w.org\/{rel}","templated":true}]}}